{"id":4541,"date":"2025-09-17T12:41:58","date_gmt":"2025-09-17T10:41:58","guid":{"rendered":"https:\/\/lacastrena.com\/?post_type=product&#038;p=4541"},"modified":"2025-11-14T12:26:49","modified_gmt":"2025-11-14T11:26:49","slug":"anchoas-en-salazon-del-cantabrico-45-kg-11-peces-por-camada","status":"publish","type":"product","link":"https:\/\/lacastrena.com\/en\/product\/anchoas-en-salazon-del-cantabrico-45-kg-11-peces-por-camada\/","title":{"rendered":"Anchoas en Salaz\u00f3n (del Cant\u00e1brico) 4,5 Kg (11 peces por camada)"},"content":{"rendered":"<p>Anchovies caught in the Cantabrian Sea during the spring months, using environmentally friendly fishing methods, prepared according to tradition, and packed between layers of salt.<\/p>\n<p><b>Ingredients:\u00a0<\/b><strong>Anchovies<\/strong> (<em>Engraulis encrasicolus<\/em>) (<strong>Fish<\/strong>), sal y salmuera.<\/p>\n<p><b>Allergens:\u00a0<\/b>Fish<\/p>\n<p><b>Fishing area:\u00a0<\/b>FAO 27 VIIIc (Cantabrian Sea).<\/p>\n<p><b>Fishing gear:\u00a0<\/b>Surrounding nets and lifting nets.<\/p>\n<p><b>Weights:<\/b><\/p>\n<p class=\"sangrado\">Net Weight: <b>4,5 kg<\/b><\/p>\n<p class=\"sangrado\">Drained Weight: <b>3,6 kg<\/b><\/p>\n<p><b>Conservation:\u00a0<\/b>Semi-preserved. Store below 10\u00baC. Once opened, keep refrigerated, covered with moist salt (to prevent the anchovies from drying out), and consume before the best-before date.<\/p>","protected":false},"excerpt":{"rendered":"<p>Anchoas en Salaz\u00f3n (del Cant\u00e1brico) 4,5 Kg (11 peces por camada)<\/p>","protected":false},"featured_media":3977,"comment_status":"closed","ping_status":"closed","template":"","meta":[],"product_brand":[],"product_cat":[699],"product_tag":[182,92,250],"class_list":{"0":"post-4541","1":"product","2":"type-product","3":"status-publish","4":"has-post-thumbnail","6":"product_cat-anchoas-en-salazon","7":"product_tag-cantabrian-sea-anchovies","8":"product_tag-pesca-de-costera-primavera","9":"product_tag-salazon","11":"first","12":"outofstock","13":"taxable","14":"shipping-taxable","15":"purchasable","16":"product-type-simple"},"yoast_head":"<!-- This site is optimized with the Yoast SEO plugin v24.0 - https:\/\/yoast.com\/wordpress\/plugins\/seo\/ -->\n<title>Anchoas en Salaz\u00f3n (del Cant\u00e1brico) 4,5 Kg (11 peces por camada) - Conservera Castre\u00f1a<\/title>\n<meta name=\"robots\" content=\"index, follow, max-snippet:-1, max-image-preview:large, max-video-preview:-1\" \/>\n<link rel=\"canonical\" href=\"https:\/\/lacastrena.com\/en\/product\/anchoas-en-salazon-del-cantabrico-45-kg-11-peces-por-camada\/\" \/>\n<meta property=\"og:locale\" content=\"en_GB\" \/>\n<meta property=\"og:type\" content=\"article\" \/>\n<meta property=\"og:title\" content=\"Anchoas en Salaz\u00f3n (del Cant\u00e1brico) 4,5 Kg (11 peces por camada) - Conservera Castre\u00f1a\" \/>\n<meta property=\"og:description\" content=\"Anchoas en Salaz\u00f3n (del Cant\u00e1brico) 4,5 Kg (11 peces por camada)\" \/>\n<meta property=\"og:url\" content=\"https:\/\/lacastrena.com\/en\/product\/anchoas-en-salazon-del-cantabrico-45-kg-11-peces-por-camada\/\" \/>\n<meta property=\"og:site_name\" content=\"Conservera Castre\u00f1a\" \/>\n<meta property=\"article:modified_time\" content=\"2025-11-14T11:26:49+00:00\" \/>\n<meta property=\"og:image\" content=\"https:\/\/lacastrena.com\/wp-content\/uploads\/2022\/03\/LaCastrena_SALAZON_4-5kg.jpg\" \/>\n\t<meta property=\"og:image:width\" content=\"1500\" \/>\n\t<meta property=\"og:image:height\" content=\"1500\" \/>\n\t<meta property=\"og:image:type\" content=\"image\/jpeg\" \/>\n<meta name=\"twitter:card\" content=\"summary_large_image\" \/>\n<meta name=\"twitter:label1\" content=\"Estimated reading time\" \/>\n\t<meta name=\"twitter:data1\" content=\"1 minute\" \/>\n<script type=\"application\/ld+json\" class=\"yoast-schema-graph\">{\"@context\":\"https:\/\/schema.org\",\"@graph\":[{\"@type\":\"WebPage\",\"@id\":\"https:\/\/lacastrena.com\/producto\/anchoas-en-salazon-del-cantabrico-45-kg-11-peces-por-camada\/\",\"url\":\"https:\/\/lacastrena.com\/producto\/anchoas-en-salazon-del-cantabrico-45-kg-11-peces-por-camada\/\",\"name\":\"Anchoas en Salaz\u00f3n (del Cant\u00e1brico) 4,5 Kg (11 peces por camada) - Conservera Castre\u00f1a\",\"isPartOf\":{\"@id\":\"https:\/\/lacastrena.com\/en\/#website\"},\"primaryImageOfPage\":{\"@id\":\"https:\/\/lacastrena.com\/producto\/anchoas-en-salazon-del-cantabrico-45-kg-11-peces-por-camada\/#primaryimage\"},\"image\":{\"@id\":\"https:\/\/lacastrena.com\/producto\/anchoas-en-salazon-del-cantabrico-45-kg-11-peces-por-camada\/#primaryimage\"},\"thumbnailUrl\":\"https:\/\/lacastrena.com\/wp-content\/uploads\/2022\/03\/LaCastrena_SALAZON_4-5kg.jpg\",\"datePublished\":\"2025-09-17T10:41:58+00:00\",\"dateModified\":\"2025-11-14T11:26:49+00:00\",\"breadcrumb\":{\"@id\":\"https:\/\/lacastrena.com\/producto\/anchoas-en-salazon-del-cantabrico-45-kg-11-peces-por-camada\/#breadcrumb\"},\"inLanguage\":\"en-GB\",\"potentialAction\":[{\"@type\":\"ReadAction\",\"target\":[\"https:\/\/lacastrena.com\/producto\/anchoas-en-salazon-del-cantabrico-45-kg-11-peces-por-camada\/\"]}]},{\"@type\":\"ImageObject\",\"inLanguage\":\"en-GB\",\"@id\":\"https:\/\/lacastrena.com\/producto\/anchoas-en-salazon-del-cantabrico-45-kg-11-peces-por-camada\/#primaryimage\",\"url\":\"https:\/\/lacastrena.com\/wp-content\/uploads\/2022\/03\/LaCastrena_SALAZON_4-5kg.jpg\",\"contentUrl\":\"https:\/\/lacastrena.com\/wp-content\/uploads\/2022\/03\/LaCastrena_SALAZON_4-5kg.jpg\",\"width\":1500,\"height\":1500},{\"@type\":\"BreadcrumbList\",\"@id\":\"https:\/\/lacastrena.com\/producto\/anchoas-en-salazon-del-cantabrico-45-kg-11-peces-por-camada\/#breadcrumb\",\"itemListElement\":[{\"@type\":\"ListItem\",\"position\":1,\"name\":\"Portada\",\"item\":\"https:\/\/lacastrena.com\/\"},{\"@type\":\"ListItem\",\"position\":2,\"name\":\"Tienda\",\"item\":\"https:\/\/lacastrena.com\/tienda\/\"},{\"@type\":\"ListItem\",\"position\":3,\"name\":\"Anchoas en Salaz\u00f3n (del Cant\u00e1brico) 4,5 Kg (11 peces por camada)\"}]},{\"@type\":\"WebSite\",\"@id\":\"https:\/\/lacastrena.com\/en\/#website\",\"url\":\"https:\/\/lacastrena.com\/en\/\",\"name\":\"Conservera La Castre\u00f1a\",\"description\":\"Anchoas La Castre\u00f1a\",\"publisher\":{\"@id\":\"https:\/\/lacastrena.com\/en\/#organization\"},\"potentialAction\":[{\"@type\":\"SearchAction\",\"target\":{\"@type\":\"EntryPoint\",\"urlTemplate\":\"https:\/\/lacastrena.com\/en\/?s={search_term_string}\"},\"query-input\":{\"@type\":\"PropertyValueSpecification\",\"valueRequired\":true,\"valueName\":\"search_term_string\"}}],\"inLanguage\":\"en-GB\"},{\"@type\":\"Organization\",\"@id\":\"https:\/\/lacastrena.com\/en\/#organization\",\"name\":\"Conservera La Castre\u00f1a\",\"url\":\"https:\/\/lacastrena.com\/en\/\",\"logo\":{\"@type\":\"ImageObject\",\"inLanguage\":\"en-GB\",\"@id\":\"https:\/\/lacastrena.com\/en\/#\/schema\/logo\/image\/\",\"url\":\"https:\/\/lacastrena.com\/wp-content\/uploads\/2024\/02\/La_Castrena_FAV.jpg\",\"contentUrl\":\"https:\/\/lacastrena.com\/wp-content\/uploads\/2024\/02\/La_Castrena_FAV.jpg\",\"width\":520,\"height\":518,\"caption\":\"Conservera La Castre\u00f1a\"},\"image\":{\"@id\":\"https:\/\/lacastrena.com\/en\/#\/schema\/logo\/image\/\"}}]}<\/script>\n<!-- \/ Yoast SEO plugin. -->","yoast_head_json":{"title":"Anchoas en Salaz\u00f3n (del Cant\u00e1brico) 4,5 Kg (11 peces por camada) - Conservera Castre\u00f1a","robots":{"index":"index","follow":"follow","max-snippet":"max-snippet:-1","max-image-preview":"max-image-preview:large","max-video-preview":"max-video-preview:-1"},"canonical":"https:\/\/lacastrena.com\/en\/product\/anchoas-en-salazon-del-cantabrico-45-kg-11-peces-por-camada\/","og_locale":"en_GB","og_type":"article","og_title":"Anchoas en Salaz\u00f3n (del Cant\u00e1brico) 4,5 Kg (11 peces por camada) - Conservera Castre\u00f1a","og_description":"Anchoas en Salaz\u00f3n (del Cant\u00e1brico) 4,5 Kg (11 peces por camada)","og_url":"https:\/\/lacastrena.com\/en\/product\/anchoas-en-salazon-del-cantabrico-45-kg-11-peces-por-camada\/","og_site_name":"Conservera Castre\u00f1a","article_modified_time":"2025-11-14T11:26:49+00:00","og_image":[{"width":1500,"height":1500,"url":"https:\/\/lacastrena.com\/wp-content\/uploads\/2022\/03\/LaCastrena_SALAZON_4-5kg.jpg","type":"image\/jpeg"}],"twitter_card":"summary_large_image","twitter_misc":{"Estimated reading time":"1 minute"},"schema":{"@context":"https:\/\/schema.org","@graph":[{"@type":"WebPage","@id":"https:\/\/lacastrena.com\/producto\/anchoas-en-salazon-del-cantabrico-45-kg-11-peces-por-camada\/","url":"https:\/\/lacastrena.com\/producto\/anchoas-en-salazon-del-cantabrico-45-kg-11-peces-por-camada\/","name":"Anchoas en Salaz\u00f3n (del Cant\u00e1brico) 4,5 Kg (11 peces por camada) - Conservera Castre\u00f1a","isPartOf":{"@id":"https:\/\/lacastrena.com\/en\/#website"},"primaryImageOfPage":{"@id":"https:\/\/lacastrena.com\/producto\/anchoas-en-salazon-del-cantabrico-45-kg-11-peces-por-camada\/#primaryimage"},"image":{"@id":"https:\/\/lacastrena.com\/producto\/anchoas-en-salazon-del-cantabrico-45-kg-11-peces-por-camada\/#primaryimage"},"thumbnailUrl":"https:\/\/lacastrena.com\/wp-content\/uploads\/2022\/03\/LaCastrena_SALAZON_4-5kg.jpg","datePublished":"2025-09-17T10:41:58+00:00","dateModified":"2025-11-14T11:26:49+00:00","breadcrumb":{"@id":"https:\/\/lacastrena.com\/producto\/anchoas-en-salazon-del-cantabrico-45-kg-11-peces-por-camada\/#breadcrumb"},"inLanguage":"en-GB","potentialAction":[{"@type":"ReadAction","target":["https:\/\/lacastrena.com\/producto\/anchoas-en-salazon-del-cantabrico-45-kg-11-peces-por-camada\/"]}]},{"@type":"ImageObject","inLanguage":"en-GB","@id":"https:\/\/lacastrena.com\/producto\/anchoas-en-salazon-del-cantabrico-45-kg-11-peces-por-camada\/#primaryimage","url":"https:\/\/lacastrena.com\/wp-content\/uploads\/2022\/03\/LaCastrena_SALAZON_4-5kg.jpg","contentUrl":"https:\/\/lacastrena.com\/wp-content\/uploads\/2022\/03\/LaCastrena_SALAZON_4-5kg.jpg","width":1500,"height":1500},{"@type":"BreadcrumbList","@id":"https:\/\/lacastrena.com\/producto\/anchoas-en-salazon-del-cantabrico-45-kg-11-peces-por-camada\/#breadcrumb","itemListElement":[{"@type":"ListItem","position":1,"name":"Portada","item":"https:\/\/lacastrena.com\/"},{"@type":"ListItem","position":2,"name":"Tienda","item":"https:\/\/lacastrena.com\/tienda\/"},{"@type":"ListItem","position":3,"name":"Anchoas en Salaz\u00f3n (del Cant\u00e1brico) 4,5 Kg (11 peces por camada)"}]},{"@type":"WebSite","@id":"https:\/\/lacastrena.com\/en\/#website","url":"https:\/\/lacastrena.com\/en\/","name":"Conservera La Castre\u00f1a","description":"Anchoas La Castre\u00f1a","publisher":{"@id":"https:\/\/lacastrena.com\/en\/#organization"},"potentialAction":[{"@type":"SearchAction","target":{"@type":"EntryPoint","urlTemplate":"https:\/\/lacastrena.com\/en\/?s={search_term_string}"},"query-input":{"@type":"PropertyValueSpecification","valueRequired":true,"valueName":"search_term_string"}}],"inLanguage":"en-GB"},{"@type":"Organization","@id":"https:\/\/lacastrena.com\/en\/#organization","name":"Conservera La Castre\u00f1a","url":"https:\/\/lacastrena.com\/en\/","logo":{"@type":"ImageObject","inLanguage":"en-GB","@id":"https:\/\/lacastrena.com\/en\/#\/schema\/logo\/image\/","url":"https:\/\/lacastrena.com\/wp-content\/uploads\/2024\/02\/La_Castrena_FAV.jpg","contentUrl":"https:\/\/lacastrena.com\/wp-content\/uploads\/2024\/02\/La_Castrena_FAV.jpg","width":520,"height":518,"caption":"Conservera La Castre\u00f1a"},"image":{"@id":"https:\/\/lacastrena.com\/en\/#\/schema\/logo\/image\/"}}]}},"_links":{"self":[{"href":"https:\/\/lacastrena.com\/en\/wp-json\/wp\/v2\/product\/4541","targetHints":{"allow":["GET"]}}],"collection":[{"href":"https:\/\/lacastrena.com\/en\/wp-json\/wp\/v2\/product"}],"about":[{"href":"https:\/\/lacastrena.com\/en\/wp-json\/wp\/v2\/types\/product"}],"replies":[{"embeddable":true,"href":"https:\/\/lacastrena.com\/en\/wp-json\/wp\/v2\/comments?post=4541"}],"version-history":[{"count":1,"href":"https:\/\/lacastrena.com\/en\/wp-json\/wp\/v2\/product\/4541\/revisions"}],"predecessor-version":[{"id":4542,"href":"https:\/\/lacastrena.com\/en\/wp-json\/wp\/v2\/product\/4541\/revisions\/4542"}],"wp:featuredmedia":[{"embeddable":true,"href":"https:\/\/lacastrena.com\/en\/wp-json\/wp\/v2\/media\/3977"}],"wp:attachment":[{"href":"https:\/\/lacastrena.com\/en\/wp-json\/wp\/v2\/media?parent=4541"}],"wp:term":[{"taxonomy":"product_brand","embeddable":true,"href":"https:\/\/lacastrena.com\/en\/wp-json\/wp\/v2\/product_brand?post=4541"},{"taxonomy":"product_cat","embeddable":true,"href":"https:\/\/lacastrena.com\/en\/wp-json\/wp\/v2\/product_cat?post=4541"},{"taxonomy":"product_tag","embeddable":true,"href":"https:\/\/lacastrena.com\/en\/wp-json\/wp\/v2\/product_tag?post=4541"}],"curies":[{"name":"wp","href":"https:\/\/api.w.org\/{rel}","templated":true}]}}