{"id":1400,"date":"2023-03-07T11:45:01","date_gmt":"2023-03-07T10:45:01","guid":{"rendered":"https:\/\/tienda.lacastrena.com\/?post_type=product&#038;p=1400"},"modified":"2024-11-04T11:34:54","modified_gmt":"2024-11-04T10:34:54","slug":"atun-claro-en-aceite-de-girasol-t-200","status":"publish","type":"product","link":"https:\/\/lacastrena.com\/en\/product\/atun-claro-en-aceite-de-girasol-t-200\/","title":{"rendered":"Light Tuna in Sunflower Oil T-200"},"content":{"rendered":"<p>Yellowfin tuna packed in sunflower oil<\/p>\n<p><b>Ingredients:\u00a0<\/b>Tuna (Thunnus albacora) (FISH), sunflower oil and salt.<\/p>\n<p><b>Allergens:\u00a0<\/b>Fish.<\/p>\n<p><b>Weights:<\/b><\/p>\n<p class=\"sangrado\">Net Weight: <b>190 g<\/b><\/p>\n<p class=\"sangrado\">Drained Weight: <b>130 g<\/b><\/p>\n<p><b>Conservation:\u00a0<\/b>Storage. Once opened, keep refrigerated, covered in oil, and consume within 3 days.<\/p>","protected":false},"excerpt":{"rendered":"<p>Light Tuna in Sunflower Oil T-200<\/p>\n<p><strong>Units\/box: 12 units<\/strong><\/p>","protected":false},"featured_media":4158,"comment_status":"closed","ping_status":"closed","template":"","meta":[],"product_brand":[],"product_cat":[719],"product_tag":[832,834],"class_list":{"0":"post-1400","1":"product","2":"type-product","3":"status-publish","4":"has-post-thumbnail","6":"product_cat-otras-conservas","7":"product_tag-aceite-de-girasol-es","8":"product_tag-atun-claro-es","10":"first","11":"instock","12":"taxable","13":"shipping-taxable","14":"purchasable","15":"product-type-simple"},"yoast_head":"<!-- This site is optimized with the Yoast SEO plugin v24.0 - https:\/\/yoast.com\/wordpress\/plugins\/seo\/ -->\n<title>At\u00fan Claro en Aceite de Girasol T-200 - Conservera Castre\u00f1a<\/title>\n<meta name=\"robots\" content=\"index, follow, max-snippet:-1, max-image-preview:large, max-video-preview:-1\" \/>\n<link rel=\"canonical\" href=\"https:\/\/lacastrena.com\/en\/product\/atun-claro-en-aceite-de-girasol-t-200\/\" \/>\n<meta property=\"og:locale\" content=\"en_GB\" \/>\n<meta property=\"og:type\" content=\"article\" \/>\n<meta property=\"og:title\" content=\"At\u00fan Claro en Aceite de Girasol T-200 - Conservera Castre\u00f1a\" \/>\n<meta property=\"og:description\" content=\"At\u00fan Claro en Aceite de Girasol T-200  Unidades\/caja: 12 unidades\" \/>\n<meta property=\"og:url\" content=\"https:\/\/lacastrena.com\/en\/product\/atun-claro-en-aceite-de-girasol-t-200\/\" \/>\n<meta property=\"og:site_name\" content=\"Conservera Castre\u00f1a\" \/>\n<meta property=\"article:modified_time\" content=\"2024-11-04T10:34:54+00:00\" \/>\n<meta property=\"og:image\" content=\"https:\/\/lacastrena.com\/wp-content\/uploads\/2023\/03\/Atun_Claro_130g-2.jpg\" \/>\n\t<meta property=\"og:image:width\" content=\"1500\" \/>\n\t<meta property=\"og:image:height\" content=\"1500\" \/>\n\t<meta property=\"og:image:type\" content=\"image\/jpeg\" \/>\n<meta name=\"twitter:card\" content=\"summary_large_image\" \/>\n<script type=\"application\/ld+json\" class=\"yoast-schema-graph\">{\"@context\":\"https:\/\/schema.org\",\"@graph\":[{\"@type\":\"WebPage\",\"@id\":\"https:\/\/lacastrena.com\/producto\/atun-claro-en-aceite-de-girasol-t-200\/\",\"url\":\"https:\/\/lacastrena.com\/producto\/atun-claro-en-aceite-de-girasol-t-200\/\",\"name\":\"At\u00fan Claro en Aceite de Girasol T-200 - Conservera Castre\u00f1a\",\"isPartOf\":{\"@id\":\"https:\/\/lacastrena.com\/en\/#website\"},\"primaryImageOfPage\":{\"@id\":\"https:\/\/lacastrena.com\/producto\/atun-claro-en-aceite-de-girasol-t-200\/#primaryimage\"},\"image\":{\"@id\":\"https:\/\/lacastrena.com\/producto\/atun-claro-en-aceite-de-girasol-t-200\/#primaryimage\"},\"thumbnailUrl\":\"https:\/\/lacastrena.com\/wp-content\/uploads\/2023\/03\/Atun_Claro_130g-2.jpg\",\"datePublished\":\"2023-03-07T10:45:01+00:00\",\"dateModified\":\"2024-11-04T10:34:54+00:00\",\"breadcrumb\":{\"@id\":\"https:\/\/lacastrena.com\/producto\/atun-claro-en-aceite-de-girasol-t-200\/#breadcrumb\"},\"inLanguage\":\"en-GB\",\"potentialAction\":[{\"@type\":\"ReadAction\",\"target\":[\"https:\/\/lacastrena.com\/producto\/atun-claro-en-aceite-de-girasol-t-200\/\"]}]},{\"@type\":\"ImageObject\",\"inLanguage\":\"en-GB\",\"@id\":\"https:\/\/lacastrena.com\/producto\/atun-claro-en-aceite-de-girasol-t-200\/#primaryimage\",\"url\":\"https:\/\/lacastrena.com\/wp-content\/uploads\/2023\/03\/Atun_Claro_130g-2.jpg\",\"contentUrl\":\"https:\/\/lacastrena.com\/wp-content\/uploads\/2023\/03\/Atun_Claro_130g-2.jpg\",\"width\":1500,\"height\":1500},{\"@type\":\"BreadcrumbList\",\"@id\":\"https:\/\/lacastrena.com\/producto\/atun-claro-en-aceite-de-girasol-t-200\/#breadcrumb\",\"itemListElement\":[{\"@type\":\"ListItem\",\"position\":1,\"name\":\"Portada\",\"item\":\"https:\/\/lacastrena.com\/\"},{\"@type\":\"ListItem\",\"position\":2,\"name\":\"Tienda\",\"item\":\"https:\/\/lacastrena.com\/tienda\/\"},{\"@type\":\"ListItem\",\"position\":3,\"name\":\"At\u00fan Claro en Aceite de Girasol T-200\"}]},{\"@type\":\"WebSite\",\"@id\":\"https:\/\/lacastrena.com\/en\/#website\",\"url\":\"https:\/\/lacastrena.com\/en\/\",\"name\":\"Conservera La Castre\u00f1a\",\"description\":\"Anchoas La Castre\u00f1a\",\"publisher\":{\"@id\":\"https:\/\/lacastrena.com\/en\/#organization\"},\"potentialAction\":[{\"@type\":\"SearchAction\",\"target\":{\"@type\":\"EntryPoint\",\"urlTemplate\":\"https:\/\/lacastrena.com\/en\/?s={search_term_string}\"},\"query-input\":{\"@type\":\"PropertyValueSpecification\",\"valueRequired\":true,\"valueName\":\"search_term_string\"}}],\"inLanguage\":\"en-GB\"},{\"@type\":\"Organization\",\"@id\":\"https:\/\/lacastrena.com\/en\/#organization\",\"name\":\"Conservera La Castre\u00f1a\",\"url\":\"https:\/\/lacastrena.com\/en\/\",\"logo\":{\"@type\":\"ImageObject\",\"inLanguage\":\"en-GB\",\"@id\":\"https:\/\/lacastrena.com\/en\/#\/schema\/logo\/image\/\",\"url\":\"https:\/\/lacastrena.com\/wp-content\/uploads\/2024\/02\/La_Castrena_FAV.jpg\",\"contentUrl\":\"https:\/\/lacastrena.com\/wp-content\/uploads\/2024\/02\/La_Castrena_FAV.jpg\",\"width\":520,\"height\":518,\"caption\":\"Conservera La Castre\u00f1a\"},\"image\":{\"@id\":\"https:\/\/lacastrena.com\/en\/#\/schema\/logo\/image\/\"}}]}<\/script>\n<!-- \/ Yoast SEO plugin. -->","yoast_head_json":{"title":"At\u00fan Claro en Aceite de Girasol T-200 - Conservera Castre\u00f1a","robots":{"index":"index","follow":"follow","max-snippet":"max-snippet:-1","max-image-preview":"max-image-preview:large","max-video-preview":"max-video-preview:-1"},"canonical":"https:\/\/lacastrena.com\/en\/product\/atun-claro-en-aceite-de-girasol-t-200\/","og_locale":"en_GB","og_type":"article","og_title":"At\u00fan Claro en Aceite de Girasol T-200 - Conservera Castre\u00f1a","og_description":"At\u00fan Claro en Aceite de Girasol T-200  Unidades\/caja: 12 unidades","og_url":"https:\/\/lacastrena.com\/en\/product\/atun-claro-en-aceite-de-girasol-t-200\/","og_site_name":"Conservera Castre\u00f1a","article_modified_time":"2024-11-04T10:34:54+00:00","og_image":[{"width":1500,"height":1500,"url":"https:\/\/lacastrena.com\/wp-content\/uploads\/2023\/03\/Atun_Claro_130g-2.jpg","type":"image\/jpeg"}],"twitter_card":"summary_large_image","schema":{"@context":"https:\/\/schema.org","@graph":[{"@type":"WebPage","@id":"https:\/\/lacastrena.com\/producto\/atun-claro-en-aceite-de-girasol-t-200\/","url":"https:\/\/lacastrena.com\/producto\/atun-claro-en-aceite-de-girasol-t-200\/","name":"At\u00fan Claro en Aceite de Girasol T-200 - Conservera Castre\u00f1a","isPartOf":{"@id":"https:\/\/lacastrena.com\/en\/#website"},"primaryImageOfPage":{"@id":"https:\/\/lacastrena.com\/producto\/atun-claro-en-aceite-de-girasol-t-200\/#primaryimage"},"image":{"@id":"https:\/\/lacastrena.com\/producto\/atun-claro-en-aceite-de-girasol-t-200\/#primaryimage"},"thumbnailUrl":"https:\/\/lacastrena.com\/wp-content\/uploads\/2023\/03\/Atun_Claro_130g-2.jpg","datePublished":"2023-03-07T10:45:01+00:00","dateModified":"2024-11-04T10:34:54+00:00","breadcrumb":{"@id":"https:\/\/lacastrena.com\/producto\/atun-claro-en-aceite-de-girasol-t-200\/#breadcrumb"},"inLanguage":"en-GB","potentialAction":[{"@type":"ReadAction","target":["https:\/\/lacastrena.com\/producto\/atun-claro-en-aceite-de-girasol-t-200\/"]}]},{"@type":"ImageObject","inLanguage":"en-GB","@id":"https:\/\/lacastrena.com\/producto\/atun-claro-en-aceite-de-girasol-t-200\/#primaryimage","url":"https:\/\/lacastrena.com\/wp-content\/uploads\/2023\/03\/Atun_Claro_130g-2.jpg","contentUrl":"https:\/\/lacastrena.com\/wp-content\/uploads\/2023\/03\/Atun_Claro_130g-2.jpg","width":1500,"height":1500},{"@type":"BreadcrumbList","@id":"https:\/\/lacastrena.com\/producto\/atun-claro-en-aceite-de-girasol-t-200\/#breadcrumb","itemListElement":[{"@type":"ListItem","position":1,"name":"Portada","item":"https:\/\/lacastrena.com\/"},{"@type":"ListItem","position":2,"name":"Tienda","item":"https:\/\/lacastrena.com\/tienda\/"},{"@type":"ListItem","position":3,"name":"At\u00fan Claro en Aceite de Girasol T-200"}]},{"@type":"WebSite","@id":"https:\/\/lacastrena.com\/en\/#website","url":"https:\/\/lacastrena.com\/en\/","name":"Conservera La Castre\u00f1a","description":"Anchoas La Castre\u00f1a","publisher":{"@id":"https:\/\/lacastrena.com\/en\/#organization"},"potentialAction":[{"@type":"SearchAction","target":{"@type":"EntryPoint","urlTemplate":"https:\/\/lacastrena.com\/en\/?s={search_term_string}"},"query-input":{"@type":"PropertyValueSpecification","valueRequired":true,"valueName":"search_term_string"}}],"inLanguage":"en-GB"},{"@type":"Organization","@id":"https:\/\/lacastrena.com\/en\/#organization","name":"Conservera La Castre\u00f1a","url":"https:\/\/lacastrena.com\/en\/","logo":{"@type":"ImageObject","inLanguage":"en-GB","@id":"https:\/\/lacastrena.com\/en\/#\/schema\/logo\/image\/","url":"https:\/\/lacastrena.com\/wp-content\/uploads\/2024\/02\/La_Castrena_FAV.jpg","contentUrl":"https:\/\/lacastrena.com\/wp-content\/uploads\/2024\/02\/La_Castrena_FAV.jpg","width":520,"height":518,"caption":"Conservera La Castre\u00f1a"},"image":{"@id":"https:\/\/lacastrena.com\/en\/#\/schema\/logo\/image\/"}}]}},"_links":{"self":[{"href":"https:\/\/lacastrena.com\/en\/wp-json\/wp\/v2\/product\/1400","targetHints":{"allow":["GET"]}}],"collection":[{"href":"https:\/\/lacastrena.com\/en\/wp-json\/wp\/v2\/product"}],"about":[{"href":"https:\/\/lacastrena.com\/en\/wp-json\/wp\/v2\/types\/product"}],"replies":[{"embeddable":true,"href":"https:\/\/lacastrena.com\/en\/wp-json\/wp\/v2\/comments?post=1400"}],"version-history":[{"count":3,"href":"https:\/\/lacastrena.com\/en\/wp-json\/wp\/v2\/product\/1400\/revisions"}],"predecessor-version":[{"id":4219,"href":"https:\/\/lacastrena.com\/en\/wp-json\/wp\/v2\/product\/1400\/revisions\/4219"}],"wp:featuredmedia":[{"embeddable":true,"href":"https:\/\/lacastrena.com\/en\/wp-json\/wp\/v2\/media\/4158"}],"wp:attachment":[{"href":"https:\/\/lacastrena.com\/en\/wp-json\/wp\/v2\/media?parent=1400"}],"wp:term":[{"taxonomy":"product_brand","embeddable":true,"href":"https:\/\/lacastrena.com\/en\/wp-json\/wp\/v2\/product_brand?post=1400"},{"taxonomy":"product_cat","embeddable":true,"href":"https:\/\/lacastrena.com\/en\/wp-json\/wp\/v2\/product_cat?post=1400"},{"taxonomy":"product_tag","embeddable":true,"href":"https:\/\/lacastrena.com\/en\/wp-json\/wp\/v2\/product_tag?post=1400"}],"curies":[{"name":"wp","href":"https:\/\/api.w.org\/{rel}","templated":true}]}}