{"id":650,"date":"2022-03-09T13:31:28","date_gmt":"2022-03-09T12:31:28","guid":{"rendered":"https:\/\/tienda.lacastrena.com\/?page_id=650"},"modified":"2022-03-09T13:38:11","modified_gmt":"2022-03-09T12:38:11","slug":"reembolso_devoluciones","status":"publish","type":"page","link":"https:\/\/lacastrena.com\/en\/reembolso_devoluciones\/","title":{"rendered":"Returns and Refunds Policy"},"content":{"rendered":"<h3 class=\"wp-block-heading\">Transporte y env\u00edo<\/h3>\n\n\n\n<p>Los productos comprados en <strong>CONSERVERA CASTRE\u00d1A S.A.<\/strong> se env\u00edan siempre en transporte con temperatura controlada. El producto que usted adquiere es un producto elaborado artesanalmente, que normalmente se elabora bajo pedido, con lo que, aunque el plazo de entrega normal es de 1 a 5 d\u00edas h\u00e1biles, en ocasiones, este per\u00edodo de tiempo podr\u00eda incrementarse alg\u00fan d\u00eda m\u00e1s en determinadas \u00e9pocas del a\u00f1o (por ejemplo en Navidad, costera de la anchoa, etc.).<\/p>\n\n\n\n<p>Los precios del transporte vendr\u00e1n siempre reflejados en el importe total de las cuenta antes de aceptar la compra y realizar el pago.<\/p>\n\n\n\n<p>Para env\u00edos fuera de la pen\u00ednsula, por favor, contacte directamente con <strong>la castre\u00f1a preserves<\/strong> a trav\u00e9s del tel\u00e9fono <strong>942 86 32 11<\/strong> o a trav\u00e9s del correo electr\u00f3nico i<strong>nfo@anchoaslacastrena.com<\/strong>.<\/p>\n\n\n\n<h3 class=\"wp-block-heading\">Devoluciones<\/h3>\n\n\n\n<p>Los filetes de anchos son una semiconserva, porque no se ven sometidos a un proceso de esterilizaci\u00f3n. EL calor es su mayor enemigo, por lo que es imprescindible mantener la cadena de fr\u00eda en todo momento.<\/p>\n\n\n\n<p>Todos nuestros env\u00edos est\u00e1n asegurados ante posibles p\u00e9rdidas o roturas. si su pedido llegara con alg\u00fan desperfecto, o faltara alg\u00fan producto, es necesario que se ponga en contacto con nosotros lo antes posible, siempre dentro de las primeras 24 horas, para que le repongamos los productos que falten o defectuosos.<\/p>","protected":false},"excerpt":{"rendered":"<p>Transporte y env\u00edo Los productos comprados en CONSERVERA CASTRE\u00d1A S.A. se env\u00edan siempre en transporte con temperatura controlada. El producto que usted adquiere es un producto elaborado artesanalmente, que normalmente&hellip;<\/p>","protected":false},"author":1,"featured_media":0,"parent":0,"menu_order":0,"comment_status":"closed","ping_status":"closed","template":"","meta":{"footnotes":""},"class_list":["post-650","page","type-page","status-publish","hentry"],"yoast_head":"<!-- This site is optimized with the Yoast SEO plugin v24.0 - https:\/\/yoast.com\/wordpress\/plugins\/seo\/ -->\n<title>Pol\u00edtica de devoluciones y reembolsos - Conservera Castre\u00f1a<\/title>\n<meta name=\"robots\" content=\"index, follow, max-snippet:-1, max-image-preview:large, max-video-preview:-1\" \/>\n<link rel=\"canonical\" href=\"https:\/\/lacastrena.com\/en\/reembolso_devoluciones\/\" \/>\n<meta property=\"og:locale\" content=\"en_GB\" \/>\n<meta property=\"og:type\" content=\"article\" \/>\n<meta property=\"og:title\" content=\"Pol\u00edtica de devoluciones y reembolsos - Conservera Castre\u00f1a\" \/>\n<meta property=\"og:description\" content=\"Transporte y env\u00edo Los productos comprados en CONSERVERA CASTRE\u00d1A S.A. se env\u00edan siempre en transporte con temperatura controlada. El producto que usted adquiere es un producto elaborado artesanalmente, que normalmente&hellip;\" \/>\n<meta property=\"og:url\" content=\"https:\/\/lacastrena.com\/en\/reembolso_devoluciones\/\" \/>\n<meta property=\"og:site_name\" content=\"Conservera Castre\u00f1a\" \/>\n<meta property=\"article:modified_time\" content=\"2022-03-09T12:38:11+00:00\" \/>\n<meta name=\"twitter:card\" content=\"summary_large_image\" \/>\n<meta name=\"twitter:label1\" content=\"Estimated reading time\" \/>\n\t<meta name=\"twitter:data1\" content=\"1 minute\" \/>\n<script type=\"application\/ld+json\" class=\"yoast-schema-graph\">{\"@context\":\"https:\/\/schema.org\",\"@graph\":[{\"@type\":\"WebPage\",\"@id\":\"https:\/\/lacastrena.com\/reembolso_devoluciones\/\",\"url\":\"https:\/\/lacastrena.com\/reembolso_devoluciones\/\",\"name\":\"Pol\u00edtica de devoluciones y reembolsos - Conservera Castre\u00f1a\",\"isPartOf\":{\"@id\":\"https:\/\/lacastrena.com\/en\/#website\"},\"datePublished\":\"2022-03-09T12:31:28+00:00\",\"dateModified\":\"2022-03-09T12:38:11+00:00\",\"breadcrumb\":{\"@id\":\"https:\/\/lacastrena.com\/reembolso_devoluciones\/#breadcrumb\"},\"inLanguage\":\"en-GB\",\"potentialAction\":[{\"@type\":\"ReadAction\",\"target\":[\"https:\/\/lacastrena.com\/reembolso_devoluciones\/\"]}]},{\"@type\":\"BreadcrumbList\",\"@id\":\"https:\/\/lacastrena.com\/reembolso_devoluciones\/#breadcrumb\",\"itemListElement\":[{\"@type\":\"ListItem\",\"position\":1,\"name\":\"Portada\",\"item\":\"https:\/\/lacastrena.com\/\"},{\"@type\":\"ListItem\",\"position\":2,\"name\":\"Pol\u00edtica de devoluciones y reembolsos\"}]},{\"@type\":\"WebSite\",\"@id\":\"https:\/\/lacastrena.com\/en\/#website\",\"url\":\"https:\/\/lacastrena.com\/en\/\",\"name\":\"Conservera La Castre\u00f1a\",\"description\":\"Anchoas La Castre\u00f1a\",\"publisher\":{\"@id\":\"https:\/\/lacastrena.com\/en\/#organization\"},\"potentialAction\":[{\"@type\":\"SearchAction\",\"target\":{\"@type\":\"EntryPoint\",\"urlTemplate\":\"https:\/\/lacastrena.com\/en\/?s={search_term_string}\"},\"query-input\":{\"@type\":\"PropertyValueSpecification\",\"valueRequired\":true,\"valueName\":\"search_term_string\"}}],\"inLanguage\":\"en-GB\"},{\"@type\":\"Organization\",\"@id\":\"https:\/\/lacastrena.com\/en\/#organization\",\"name\":\"Conservera La Castre\u00f1a\",\"url\":\"https:\/\/lacastrena.com\/en\/\",\"logo\":{\"@type\":\"ImageObject\",\"inLanguage\":\"en-GB\",\"@id\":\"https:\/\/lacastrena.com\/en\/#\/schema\/logo\/image\/\",\"url\":\"https:\/\/lacastrena.com\/wp-content\/uploads\/2024\/02\/La_Castrena_FAV.jpg\",\"contentUrl\":\"https:\/\/lacastrena.com\/wp-content\/uploads\/2024\/02\/La_Castrena_FAV.jpg\",\"width\":520,\"height\":518,\"caption\":\"Conservera La Castre\u00f1a\"},\"image\":{\"@id\":\"https:\/\/lacastrena.com\/en\/#\/schema\/logo\/image\/\"}}]}<\/script>\n<!-- \/ Yoast SEO plugin. -->","yoast_head_json":{"title":"Pol\u00edtica de devoluciones y reembolsos - Conservera Castre\u00f1a","robots":{"index":"index","follow":"follow","max-snippet":"max-snippet:-1","max-image-preview":"max-image-preview:large","max-video-preview":"max-video-preview:-1"},"canonical":"https:\/\/lacastrena.com\/en\/reembolso_devoluciones\/","og_locale":"en_GB","og_type":"article","og_title":"Pol\u00edtica de devoluciones y reembolsos - Conservera Castre\u00f1a","og_description":"Transporte y env\u00edo Los productos comprados en CONSERVERA CASTRE\u00d1A S.A. se env\u00edan siempre en transporte con temperatura controlada. El producto que usted adquiere es un producto elaborado artesanalmente, que normalmente&hellip;","og_url":"https:\/\/lacastrena.com\/en\/reembolso_devoluciones\/","og_site_name":"Conservera Castre\u00f1a","article_modified_time":"2022-03-09T12:38:11+00:00","twitter_card":"summary_large_image","twitter_misc":{"Estimated reading time":"1 minute"},"schema":{"@context":"https:\/\/schema.org","@graph":[{"@type":"WebPage","@id":"https:\/\/lacastrena.com\/reembolso_devoluciones\/","url":"https:\/\/lacastrena.com\/reembolso_devoluciones\/","name":"Pol\u00edtica de devoluciones y reembolsos - Conservera Castre\u00f1a","isPartOf":{"@id":"https:\/\/lacastrena.com\/en\/#website"},"datePublished":"2022-03-09T12:31:28+00:00","dateModified":"2022-03-09T12:38:11+00:00","breadcrumb":{"@id":"https:\/\/lacastrena.com\/reembolso_devoluciones\/#breadcrumb"},"inLanguage":"en-GB","potentialAction":[{"@type":"ReadAction","target":["https:\/\/lacastrena.com\/reembolso_devoluciones\/"]}]},{"@type":"BreadcrumbList","@id":"https:\/\/lacastrena.com\/reembolso_devoluciones\/#breadcrumb","itemListElement":[{"@type":"ListItem","position":1,"name":"Portada","item":"https:\/\/lacastrena.com\/"},{"@type":"ListItem","position":2,"name":"Pol\u00edtica de devoluciones y reembolsos"}]},{"@type":"WebSite","@id":"https:\/\/lacastrena.com\/en\/#website","url":"https:\/\/lacastrena.com\/en\/","name":"Conservera La Castre\u00f1a","description":"Anchoas La Castre\u00f1a","publisher":{"@id":"https:\/\/lacastrena.com\/en\/#organization"},"potentialAction":[{"@type":"SearchAction","target":{"@type":"EntryPoint","urlTemplate":"https:\/\/lacastrena.com\/en\/?s={search_term_string}"},"query-input":{"@type":"PropertyValueSpecification","valueRequired":true,"valueName":"search_term_string"}}],"inLanguage":"en-GB"},{"@type":"Organization","@id":"https:\/\/lacastrena.com\/en\/#organization","name":"Conservera La Castre\u00f1a","url":"https:\/\/lacastrena.com\/en\/","logo":{"@type":"ImageObject","inLanguage":"en-GB","@id":"https:\/\/lacastrena.com\/en\/#\/schema\/logo\/image\/","url":"https:\/\/lacastrena.com\/wp-content\/uploads\/2024\/02\/La_Castrena_FAV.jpg","contentUrl":"https:\/\/lacastrena.com\/wp-content\/uploads\/2024\/02\/La_Castrena_FAV.jpg","width":520,"height":518,"caption":"Conservera La Castre\u00f1a"},"image":{"@id":"https:\/\/lacastrena.com\/en\/#\/schema\/logo\/image\/"}}]}},"_links":{"self":[{"href":"https:\/\/lacastrena.com\/en\/wp-json\/wp\/v2\/pages\/650","targetHints":{"allow":["GET"]}}],"collection":[{"href":"https:\/\/lacastrena.com\/en\/wp-json\/wp\/v2\/pages"}],"about":[{"href":"https:\/\/lacastrena.com\/en\/wp-json\/wp\/v2\/types\/page"}],"author":[{"embeddable":true,"href":"https:\/\/lacastrena.com\/en\/wp-json\/wp\/v2\/users\/1"}],"replies":[{"embeddable":true,"href":"https:\/\/lacastrena.com\/en\/wp-json\/wp\/v2\/comments?post=650"}],"version-history":[{"count":4,"href":"https:\/\/lacastrena.com\/en\/wp-json\/wp\/v2\/pages\/650\/revisions"}],"predecessor-version":[{"id":1079,"href":"https:\/\/lacastrena.com\/en\/wp-json\/wp\/v2\/pages\/650\/revisions\/1079"}],"wp:attachment":[{"href":"https:\/\/lacastrena.com\/en\/wp-json\/wp\/v2\/media?parent=650"}],"curies":[{"name":"wp","href":"https:\/\/api.w.org\/{rel}","templated":true}]}}