{"id":565,"date":"2021-06-16T18:09:02","date_gmt":"2021-06-16T16:09:02","guid":{"rendered":"https:\/\/tienda.lacastrena.com\/?page_id=565"},"modified":"2024-05-20T19:25:00","modified_gmt":"2024-05-20T17:25:00","slug":"contacto","status":"publish","type":"page","link":"https:\/\/lacastrena.com\/en\/contacto\/","title":{"rendered":"Contact"},"content":{"rendered":"<div data-elementor-type=\"wp-page\" data-elementor-id=\"565\" class=\"elementor elementor-565\">\n\t\t\t\t\t\t<section class=\"elementor-section elementor-top-section elementor-element elementor-element-47a9d49 elementor-section-boxed elementor-section-height-default elementor-section-height-default\" data-id=\"47a9d49\" data-element_type=\"section\">\n\t\t\t\t\t\t<div class=\"elementor-container elementor-column-gap-default\">\n\t\t\t\t\t<div class=\"elementor-column elementor-col-33 elementor-top-column elementor-element elementor-element-c18dfca\" data-id=\"c18dfca\" data-element_type=\"column\">\n\t\t\t<div class=\"elementor-widget-wrap elementor-element-populated\">\n\t\t\t\t\t\t<div class=\"elementor-element elementor-element-92ac384 elementor-widget elementor-widget-heading\" data-id=\"92ac384\" data-element_type=\"widget\" data-widget_type=\"heading.default\">\n\t\t\t\t<div class=\"elementor-widget-container\">\n\t\t\t<h2 class=\"elementor-heading-title elementor-size-default\">How can we help you?<\/h2>\t\t<\/div>\n\t\t\t\t<\/div>\n\t\t\t\t<div class=\"elementor-element elementor-element-c4e4f28 elementor-widget elementor-widget-text-editor\" data-id=\"c4e4f28\" data-element_type=\"widget\" data-widget_type=\"text-editor.default\">\n\t\t\t\t<div class=\"elementor-widget-container\">\n\t\t\t\t\t\t\t<p>We look forward to seeing you at our premises located at:<\/p>\t\t\t\t\t\t<\/div>\n\t\t\t\t<\/div>\n\t\t\t\t<div class=\"elementor-element elementor-element-18c9e5d elementor-icon-list--layout-traditional elementor-list-item-link-full_width elementor-widget elementor-widget-icon-list\" data-id=\"18c9e5d\" data-element_type=\"widget\" data-widget_type=\"icon-list.default\">\n\t\t\t\t<div class=\"elementor-widget-container\">\n\t\t\t\t\t<ul class=\"elementor-icon-list-items\">\n\t\t\t\t\t\t\t<li class=\"elementor-icon-list-item\">\n\t\t\t\t\t\t\t\t\t\t\t<span class=\"elementor-icon-list-icon\">\n\t\t\t\t\t\t\t<i aria-hidden=\"true\" class=\"fas fa-location-arrow\"><\/i>\t\t\t\t\t\t<\/span>\n\t\t\t\t\t\t\t\t\t\t<span class=\"elementor-icon-list-text\">P. I. Valleg\u00f3n, M\u00f3dulo A, Naves 1-4, 39709 Castro-Urdiales, Cantabria (ESPA\u00d1A)<\/span>\n\t\t\t\t\t\t\t\t\t<\/li>\n\t\t\t\t\t\t\t\t<li class=\"elementor-icon-list-item\">\n\t\t\t\t\t\t\t\t\t\t\t<a href=\"mailto:info@anchoaslacastrena.com%20\">\n\n\t\t\t\t\t\t\t\t\t\t\t\t<span class=\"elementor-icon-list-icon\">\n\t\t\t\t\t\t\t<i aria-hidden=\"true\" class=\"fas fa-envelope\"><\/i>\t\t\t\t\t\t<\/span>\n\t\t\t\t\t\t\t\t\t\t<span class=\"elementor-icon-list-text\">info@anchoaslacastrena.com <\/span>\n\t\t\t\t\t\t\t\t\t\t\t<\/a>\n\t\t\t\t\t\t\t\t\t<\/li>\n\t\t\t\t\t\t\t\t<li class=\"elementor-icon-list-item\">\n\t\t\t\t\t\t\t\t\t\t\t<a href=\"tel:0034942863211\">\n\n\t\t\t\t\t\t\t\t\t\t\t\t<span class=\"elementor-icon-list-icon\">\n\t\t\t\t\t\t\t<i aria-hidden=\"true\" class=\"fas fa-phone-alt\"><\/i>\t\t\t\t\t\t<\/span>\n\t\t\t\t\t\t\t\t\t\t<span class=\"elementor-icon-list-text\">(+34) 942 86 32 11<\/span>\n\t\t\t\t\t\t\t\t\t\t\t<\/a>\n\t\t\t\t\t\t\t\t\t<\/li>\n\t\t\t\t\t\t\t\t<li class=\"elementor-icon-list-item\">\n\t\t\t\t\t\t\t\t\t\t\t<a href=\"tel:0034942863211\">\n\n\t\t\t\t\t\t\t\t\t\t\t\t<span class=\"elementor-icon-list-icon\">\n\t\t\t\t\t\t\t<i aria-hidden=\"true\" class=\"fas fa-clock\"><\/i>\t\t\t\t\t\t<\/span>\n\t\t\t\t\t\t\t\t\t\t<span class=\"elementor-icon-list-text\">Monday to Friday from 7:00 a.m. to 5:30 p.m.<\/span>\n\t\t\t\t\t\t\t\t\t\t\t<\/a>\n\t\t\t\t\t\t\t\t\t<\/li>\n\t\t\t\t\t\t<\/ul>\n\t\t\t\t<\/div>\n\t\t\t\t<\/div>\n\t\t\t\t\t<\/div>\n\t\t<\/div>\n\t\t\t\t<div class=\"elementor-column elementor-col-66 elementor-top-column elementor-element elementor-element-d74d0bc\" data-id=\"d74d0bc\" data-element_type=\"column\">\n\t\t\t<div class=\"elementor-widget-wrap elementor-element-populated\">\n\t\t\t\t\t\t<div class=\"elementor-element elementor-element-d1bee81 elementor-widget elementor-widget-text-editor\" data-id=\"d1bee81\" data-element_type=\"widget\" data-widget_type=\"text-editor.default\">\n\t\t\t\t<div class=\"elementor-widget-container\">\n\t\t\t\t\t\t\t<p>If you wish to contact us, you can do so using the following form.<\/p>\n\n<div class=\"wpcf7 no-js\" id=\"wpcf7-f29-o1\" lang=\"es-ES\" dir=\"ltr\">\n<div class=\"screen-reader-response\"><p role=\"status\" aria-live=\"polite\" aria-atomic=\"true\"><\/p> <ul><\/ul><\/div>\n<form action=\"\/en\/wp-json\/wp\/v2\/pages\/565#wpcf7-f29-o1\" method=\"post\" class=\"wpcf7-form init\" aria-label=\"Formulario de contacto\" novalidate=\"novalidate\" data-status=\"init\" data-trp-original-action=\"\/en\/wp-json\/wp\/v2\/pages\/565#wpcf7-f29-o1\">\n<div style=\"display: none;\">\n<input type=\"hidden\" name=\"_wpcf7\" value=\"29\" \/>\n<input type=\"hidden\" name=\"_wpcf7_version\" value=\"5.9.8\" \/>\n<input type=\"hidden\" name=\"_wpcf7_locale\" value=\"es_ES\" \/>\n<input type=\"hidden\" name=\"_wpcf7_unit_tag\" value=\"wpcf7-f29-o1\" \/>\n<input type=\"hidden\" name=\"_wpcf7_container_post\" value=\"0\" \/>\n<input type=\"hidden\" name=\"_wpcf7_posted_data_hash\" value=\"\" \/>\n<\/div>\n<p><label> Name<br \/>\n<span class=\"wpcf7-form-control-wrap\" data-name=\"your-name\"><input size=\"40\" maxlength=\"400\" class=\"wpcf7-form-control wpcf7-text wpcf7-validates-as-required\" aria-required=\"true\" aria-invalid=\"false\" value=\"\" type=\"text\" name=\"your-name\" \/><\/span><\/label>\n<\/p>\n<p><label> E-mail<br \/>\n<span class=\"wpcf7-form-control-wrap\" data-name=\"your-email\"><input size=\"40\" maxlength=\"400\" class=\"wpcf7-form-control wpcf7-email wpcf7-validates-as-required wpcf7-text wpcf7-validates-as-email\" aria-required=\"true\" aria-invalid=\"false\" value=\"\" type=\"email\" name=\"your-email\" \/><\/span> <\/label>\n<\/p>\n<p><label> Subject<br \/>\n<span class=\"wpcf7-form-control-wrap\" data-name=\"your-subject\"><input size=\"40\" maxlength=\"400\" class=\"wpcf7-form-control wpcf7-text wpcf7-validates-as-required\" aria-required=\"true\" aria-invalid=\"false\" value=\"\" type=\"text\" name=\"your-subject\" \/><\/span> <\/label>\n<\/p>\n<p><label> Write your message<br \/>\n<span class=\"wpcf7-form-control-wrap\" data-name=\"your-message\"><textarea cols=\"40\" rows=\"10\" maxlength=\"2000\" class=\"wpcf7-form-control wpcf7-textarea\" aria-invalid=\"false\" name=\"your-message\"><\/textarea><\/span> <\/label>\n<\/p>\n<p><span class=\"wpcf7-form-control-wrap\" data-name=\"acceptance-723\"><span class=\"wpcf7-form-control wpcf7-acceptance\"><span class=\"wpcf7-list-item\"><label><input type=\"checkbox\" name=\"acceptance-723\" value=\"1\" aria-invalid=\"false\" \/><span class=\"wpcf7-list-item-label\">I accept the privacy policy<\/span><\/label><\/span><\/span><\/span>\n<\/p>\n<p><input class=\"wpcf7-form-control wpcf7-submit has-spinner\" type=\"submit\" value=\"SEND\" \/>\n<\/p><div class=\"wpcf7-response-output\" aria-hidden=\"true\"><\/div>\n<input type=\"hidden\" name=\"trp-form-language\" value=\"en\"\/><\/form>\n<\/div>\n\n\t\t\t\t\t\t<\/div>\n\t\t\t\t<\/div>\n\t\t\t\t\t<\/div>\n\t\t<\/div>\n\t\t\t\t\t<\/div>\n\t\t<\/section>\n\t\t\t\t<section class=\"elementor-section elementor-top-section elementor-element elementor-element-259b9137 elementor-section-boxed elementor-section-height-default elementor-section-height-default\" data-id=\"259b9137\" data-element_type=\"section\">\n\t\t\t\t\t\t<div class=\"elementor-container elementor-column-gap-default\">\n\t\t\t\t\t<div class=\"elementor-column elementor-col-100 elementor-top-column elementor-element elementor-element-67f07870\" data-id=\"67f07870\" data-element_type=\"column\">\n\t\t\t<div class=\"elementor-widget-wrap elementor-element-populated\">\n\t\t\t\t\t\t<div class=\"elementor-element elementor-element-df53ff0 elementor-widget elementor-widget-text-editor\" data-id=\"df53ff0\" data-element_type=\"widget\" data-widget_type=\"text-editor.default\">\n\t\t\t\t<div class=\"elementor-widget-container\">\n\t\t\t\t\t\t\t\n<!-- wp:html -->\n<p><iframe style=\"border: 0;\" src=\"https:\/\/www.google.com\/maps\/embed?pb=!1m18!1m12!1m3!1d11605.04243177994!2d-3.2445930114990245!3d43.35065905972185!2m3!1f0!2f0!3f0!3m2!1i1024!2i768!4f13.1!3m3!1m2!1s0xd4ef19380004d4f%3A0x82dc1cd58dd7ae70!2sConservera%20Castre%C3%B1a%20S.A.!5e0!3m2!1ses!2ses!4v1623941701443!5m2!1ses!2ses\" width=\"1200\" height=\"600\" allowfullscreen=\"allowfullscreen\"><\/iframe><\/p>\n<!-- \/wp:html -->\n\n<!-- wp:html -->\n<p><iframe style=\"border: 0;\" src=\"https:\/\/www.google.com\/maps\/embed?pb=!4v1653925357582!6m8!1m7!1sRj3sbb1gS7lBabTwbBLOZQ!2m2!1d43.35003780694989!2d-3.236454829505125!3f78.56135747969665!4f6.77280484094338!5f0.7820865974627469\" width=\"600\" height=\"450\" allowfullscreen=\"allowfullscreen\"><\/iframe><\/p>\n<!-- \/wp:html -->\t\t\t\t\t\t<\/div>\n\t\t\t\t<\/div>\n\t\t\t\t\t<\/div>\n\t\t<\/div>\n\t\t\t\t\t<\/div>\n\t\t<\/section>\n\t\t\t\t<\/div>","protected":false},"excerpt":{"rendered":"<p>\u00bfEn qu\u00e9 podemos ayudarte? Te esperamos en nuestras instalaciones ubicadas en: P. I. Valleg\u00f3n, M\u00f3dulo A, Naves 1-4, 39709 Castro-Urdiales, Cantabria (ESPA\u00d1A) info@anchoaslacastrena.com (+34) 942 86 32 11 Lunes a&hellip;<\/p>","protected":false},"author":1,"featured_media":0,"parent":0,"menu_order":0,"comment_status":"closed","ping_status":"closed","template":"","meta":{"footnotes":""},"class_list":["post-565","page","type-page","status-publish","hentry"],"yoast_head":"<!-- This site is optimized with the Yoast SEO plugin v24.0 - https:\/\/yoast.com\/wordpress\/plugins\/seo\/ -->\n<title>Contacto - Conservera Castre\u00f1a<\/title>\n<meta name=\"robots\" content=\"index, follow, max-snippet:-1, max-image-preview:large, max-video-preview:-1\" \/>\n<link rel=\"canonical\" href=\"https:\/\/lacastrena.com\/en\/contacto\/\" \/>\n<meta property=\"og:locale\" content=\"en_GB\" \/>\n<meta property=\"og:type\" content=\"article\" \/>\n<meta property=\"og:title\" content=\"Contacto - Conservera Castre\u00f1a\" \/>\n<meta property=\"og:description\" content=\"\u00bfEn qu\u00e9 podemos ayudarte? Te esperamos en nuestras instalaciones ubicadas en: P. I. Valleg\u00f3n, M\u00f3dulo A, Naves 1-4, 39709 Castro-Urdiales, Cantabria (ESPA\u00d1A) info@anchoaslacastrena.com (+34) 942 86 32 11 Lunes a&hellip;\" \/>\n<meta property=\"og:url\" content=\"https:\/\/lacastrena.com\/en\/contacto\/\" \/>\n<meta property=\"og:site_name\" content=\"Conservera Castre\u00f1a\" \/>\n<meta property=\"article:modified_time\" content=\"2024-05-20T17:25:00+00:00\" \/>\n<meta name=\"twitter:card\" content=\"summary_large_image\" \/>\n<script type=\"application\/ld+json\" class=\"yoast-schema-graph\">{\"@context\":\"https:\/\/schema.org\",\"@graph\":[{\"@type\":\"WebPage\",\"@id\":\"https:\/\/lacastrena.com\/contacto\/\",\"url\":\"https:\/\/lacastrena.com\/contacto\/\",\"name\":\"Contacto - Conservera Castre\u00f1a\",\"isPartOf\":{\"@id\":\"https:\/\/lacastrena.com\/en\/#website\"},\"datePublished\":\"2021-06-16T16:09:02+00:00\",\"dateModified\":\"2024-05-20T17:25:00+00:00\",\"breadcrumb\":{\"@id\":\"https:\/\/lacastrena.com\/contacto\/#breadcrumb\"},\"inLanguage\":\"en-GB\",\"potentialAction\":[{\"@type\":\"ReadAction\",\"target\":[\"https:\/\/lacastrena.com\/contacto\/\"]}]},{\"@type\":\"BreadcrumbList\",\"@id\":\"https:\/\/lacastrena.com\/contacto\/#breadcrumb\",\"itemListElement\":[{\"@type\":\"ListItem\",\"position\":1,\"name\":\"Portada\",\"item\":\"https:\/\/lacastrena.com\/\"},{\"@type\":\"ListItem\",\"position\":2,\"name\":\"Contacto\"}]},{\"@type\":\"WebSite\",\"@id\":\"https:\/\/lacastrena.com\/en\/#website\",\"url\":\"https:\/\/lacastrena.com\/en\/\",\"name\":\"Conservera La Castre\u00f1a\",\"description\":\"Anchoas La Castre\u00f1a\",\"publisher\":{\"@id\":\"https:\/\/lacastrena.com\/en\/#organization\"},\"potentialAction\":[{\"@type\":\"SearchAction\",\"target\":{\"@type\":\"EntryPoint\",\"urlTemplate\":\"https:\/\/lacastrena.com\/en\/?s={search_term_string}\"},\"query-input\":{\"@type\":\"PropertyValueSpecification\",\"valueRequired\":true,\"valueName\":\"search_term_string\"}}],\"inLanguage\":\"en-GB\"},{\"@type\":\"Organization\",\"@id\":\"https:\/\/lacastrena.com\/en\/#organization\",\"name\":\"Conservera La Castre\u00f1a\",\"url\":\"https:\/\/lacastrena.com\/en\/\",\"logo\":{\"@type\":\"ImageObject\",\"inLanguage\":\"en-GB\",\"@id\":\"https:\/\/lacastrena.com\/en\/#\/schema\/logo\/image\/\",\"url\":\"https:\/\/lacastrena.com\/wp-content\/uploads\/2024\/02\/La_Castrena_FAV.jpg\",\"contentUrl\":\"https:\/\/lacastrena.com\/wp-content\/uploads\/2024\/02\/La_Castrena_FAV.jpg\",\"width\":520,\"height\":518,\"caption\":\"Conservera La Castre\u00f1a\"},\"image\":{\"@id\":\"https:\/\/lacastrena.com\/en\/#\/schema\/logo\/image\/\"}}]}<\/script>\n<!-- \/ Yoast SEO plugin. -->","yoast_head_json":{"title":"Contacto - Conservera Castre\u00f1a","robots":{"index":"index","follow":"follow","max-snippet":"max-snippet:-1","max-image-preview":"max-image-preview:large","max-video-preview":"max-video-preview:-1"},"canonical":"https:\/\/lacastrena.com\/en\/contacto\/","og_locale":"en_GB","og_type":"article","og_title":"Contacto - Conservera Castre\u00f1a","og_description":"\u00bfEn qu\u00e9 podemos ayudarte? Te esperamos en nuestras instalaciones ubicadas en: P. I. Valleg\u00f3n, M\u00f3dulo A, Naves 1-4, 39709 Castro-Urdiales, Cantabria (ESPA\u00d1A) info@anchoaslacastrena.com (+34) 942 86 32 11 Lunes a&hellip;","og_url":"https:\/\/lacastrena.com\/en\/contacto\/","og_site_name":"Conservera Castre\u00f1a","article_modified_time":"2024-05-20T17:25:00+00:00","twitter_card":"summary_large_image","schema":{"@context":"https:\/\/schema.org","@graph":[{"@type":"WebPage","@id":"https:\/\/lacastrena.com\/contacto\/","url":"https:\/\/lacastrena.com\/contacto\/","name":"Contacto - Conservera Castre\u00f1a","isPartOf":{"@id":"https:\/\/lacastrena.com\/en\/#website"},"datePublished":"2021-06-16T16:09:02+00:00","dateModified":"2024-05-20T17:25:00+00:00","breadcrumb":{"@id":"https:\/\/lacastrena.com\/contacto\/#breadcrumb"},"inLanguage":"en-GB","potentialAction":[{"@type":"ReadAction","target":["https:\/\/lacastrena.com\/contacto\/"]}]},{"@type":"BreadcrumbList","@id":"https:\/\/lacastrena.com\/contacto\/#breadcrumb","itemListElement":[{"@type":"ListItem","position":1,"name":"Portada","item":"https:\/\/lacastrena.com\/"},{"@type":"ListItem","position":2,"name":"Contacto"}]},{"@type":"WebSite","@id":"https:\/\/lacastrena.com\/en\/#website","url":"https:\/\/lacastrena.com\/en\/","name":"Conservera La Castre\u00f1a","description":"Anchoas La Castre\u00f1a","publisher":{"@id":"https:\/\/lacastrena.com\/en\/#organization"},"potentialAction":[{"@type":"SearchAction","target":{"@type":"EntryPoint","urlTemplate":"https:\/\/lacastrena.com\/en\/?s={search_term_string}"},"query-input":{"@type":"PropertyValueSpecification","valueRequired":true,"valueName":"search_term_string"}}],"inLanguage":"en-GB"},{"@type":"Organization","@id":"https:\/\/lacastrena.com\/en\/#organization","name":"Conservera La Castre\u00f1a","url":"https:\/\/lacastrena.com\/en\/","logo":{"@type":"ImageObject","inLanguage":"en-GB","@id":"https:\/\/lacastrena.com\/en\/#\/schema\/logo\/image\/","url":"https:\/\/lacastrena.com\/wp-content\/uploads\/2024\/02\/La_Castrena_FAV.jpg","contentUrl":"https:\/\/lacastrena.com\/wp-content\/uploads\/2024\/02\/La_Castrena_FAV.jpg","width":520,"height":518,"caption":"Conservera La Castre\u00f1a"},"image":{"@id":"https:\/\/lacastrena.com\/en\/#\/schema\/logo\/image\/"}}]}},"_links":{"self":[{"href":"https:\/\/lacastrena.com\/en\/wp-json\/wp\/v2\/pages\/565","targetHints":{"allow":["GET"]}}],"collection":[{"href":"https:\/\/lacastrena.com\/en\/wp-json\/wp\/v2\/pages"}],"about":[{"href":"https:\/\/lacastrena.com\/en\/wp-json\/wp\/v2\/types\/page"}],"author":[{"embeddable":true,"href":"https:\/\/lacastrena.com\/en\/wp-json\/wp\/v2\/users\/1"}],"replies":[{"embeddable":true,"href":"https:\/\/lacastrena.com\/en\/wp-json\/wp\/v2\/comments?post=565"}],"version-history":[{"count":17,"href":"https:\/\/lacastrena.com\/en\/wp-json\/wp\/v2\/pages\/565\/revisions"}],"predecessor-version":[{"id":4032,"href":"https:\/\/lacastrena.com\/en\/wp-json\/wp\/v2\/pages\/565\/revisions\/4032"}],"wp:attachment":[{"href":"https:\/\/lacastrena.com\/en\/wp-json\/wp\/v2\/media?parent=565"}],"curies":[{"name":"wp","href":"https:\/\/api.w.org\/{rel}","templated":true}]}}